{"id":12,"date":"2018-06-18T08:47:40","date_gmt":"2018-06-18T08:47:40","guid":{"rendered":"http:\/\/perlen-kull.de\/?page_id=12"},"modified":"2018-06-18T09:03:15","modified_gmt":"2018-06-18T09:03:15","slug":"ueber-uns","status":"publish","type":"page","link":"https:\/\/perlen-kull.de\/?page_id=12","title":{"rendered":"\u00dcber uns"},"content":{"rendered":"<p>Wir sind ein kleines familiengef\u00fchrtes Unternehmen und importieren schon seit \u00fcber 30 Jahren Perlen aus vielen Regionen der Welt. Unser Bestreben ist es unseren Kunden stets eine besondere Auswahl an Perlen von verschiedenen Arten und Qualit\u00e4ten in vielf\u00e4ltigen Farben und Formen zu pr\u00e4sentieren. Die Individualit\u00e4t unserer Kollektion ist besonders geeignet f\u00fcr Goldschmied und Juweliere die die Einzigartigkeit unserer Perlen in Ihre Designs aufnehmen und in Ihren Schmuckst\u00fccken zur Geltung bringen.<\/p>\n<p>Wir freuen uns Ihnen unsere Kollektion vorzustellen.<\/p>\n","protected":false},"excerpt":{"rendered":"<p>Wir sind ein kleines familiengef\u00fchrtes Unternehmen und importieren schon seit \u00fcber 30 Jahren Perlen aus vielen Regionen der Welt. Unser Bestreben ist es unseren Kunden stets eine besondere Auswahl an Perlen von verschiedenen Arten und Qualit\u00e4ten in vielf\u00e4ltigen Farben und Formen zu pr\u00e4sentieren. Die Individualit\u00e4t unserer Kollektion ist besonders geeignet f\u00fcr Goldschmied und Juweliere die &hellip; <a href=\"https:\/\/perlen-kull.de\/?page_id=12\" class=\"more-link\">Weiterlesen <span class=\"screen-reader-text\">\u00dcber uns<\/span><\/a><\/p>\n","protected":false},"author":1,"featured_media":0,"parent":0,"menu_order":0,"comment_status":"closed","ping_status":"closed","template":"","meta":{"footnotes":""},"class_list":["post-12","page","type-page","status-publish","hentry","without-featured-image"],"_links":{"self":[{"href":"https:\/\/perlen-kull.de\/index.php?rest_route=\/wp\/v2\/pages\/12","targetHints":{"allow":["GET"]}}],"collection":[{"href":"https:\/\/perlen-kull.de\/index.php?rest_route=\/wp\/v2\/pages"}],"about":[{"href":"https:\/\/perlen-kull.de\/index.php?rest_route=\/wp\/v2\/types\/page"}],"author":[{"embeddable":true,"href":"https:\/\/perlen-kull.de\/index.php?rest_route=\/wp\/v2\/users\/1"}],"replies":[{"embeddable":true,"href":"https:\/\/perlen-kull.de\/index.php?rest_route=%2Fwp%2Fv2%2Fcomments&post=12"}],"version-history":[{"count":2,"href":"https:\/\/perlen-kull.de\/index.php?rest_route=\/wp\/v2\/pages\/12\/revisions"}],"predecessor-version":[{"id":14,"href":"https:\/\/perlen-kull.de\/index.php?rest_route=\/wp\/v2\/pages\/12\/revisions\/14"}],"wp:attachment":[{"href":"https:\/\/perlen-kull.de\/index.php?rest_route=%2Fwp%2Fv2%2Fmedia&parent=12"}],"curies":[{"name":"wp","href":"https:\/\/api.w.org\/{rel}","templated":true}]}}