{"id":31,"date":"2018-06-18T09:50:31","date_gmt":"2018-06-18T09:50:31","guid":{"rendered":"http:\/\/perlen-kull.de\/?page_id=31"},"modified":"2018-06-18T10:22:51","modified_gmt":"2018-06-18T10:22:51","slug":"ming-zuchtperlen","status":"publish","type":"page","link":"https:\/\/perlen-kull.de\/?page_id=31","title":{"rendered":"Ming-Zuchtperlen"},"content":{"rendered":"<p><img loading=\"lazy\" decoding=\"async\" class=\"alignleft wp-image-48 size-large\" src=\"http:\/\/perlen-kull.de\/wp-content\/uploads\/2018\/06\/IMG_8841-3-1024x1024.jpg\" alt=\"\" width=\"620\" height=\"620\" srcset=\"https:\/\/perlen-kull.de\/wp-content\/uploads\/2018\/06\/IMG_8841-3-1024x1024.jpg 1024w, https:\/\/perlen-kull.de\/wp-content\/uploads\/2018\/06\/IMG_8841-3-150x150.jpg 150w, https:\/\/perlen-kull.de\/wp-content\/uploads\/2018\/06\/IMG_8841-3-300x300.jpg 300w, https:\/\/perlen-kull.de\/wp-content\/uploads\/2018\/06\/IMG_8841-3-768x768.jpg 768w, https:\/\/perlen-kull.de\/wp-content\/uploads\/2018\/06\/IMG_8841-3-90x90.jpg 90w, https:\/\/perlen-kull.de\/wp-content\/uploads\/2018\/06\/IMG_8841-3-380x380.jpg 380w\" sizes=\"auto, (max-width: 620px) 100vw, 620px\" \/><\/p>\n<p>Diese attraktiven Natursch\u00f6nheiten sind S\u00fc\u00dfwasser-Zuchtperlen mit einem Kern.<\/p>\n<p>Sie werden in der Gonade einer Muschel gez\u00fcchtet. Eine Zuchtmethode<\/p>\n<p>\u00e4hnlich der S\u00fcdsee- und Tahiti-Zuchtperlen, nur wesentlich komplexer.<\/p>\n<p>Das Resultat ist eine unendliche Skala von Naturfarben in prachtvollen Mixturen.<\/p>\n<p>Die Formen &#8211; von v\u00f6llig runden Perlen \u00fcber Tropfen zu Barocken Formen<\/p>\n<p>in den Gr\u00f6\u00dfen von ca. 11 mm bis \u00fcber 30 mm ist alles m\u00f6glich.<\/p>\n<p>Die Variante \u201eFireball\u201c ist eine preiswerte Besonderheit der Ming-Zuchtperlen.<\/p>\n<p>Mit ihrer \u201egecrashten\u201c Oberfl\u00e4che hat Sie einen Effekt wie zerkn\u00fcllte Alufolie und<\/p>\n<p>begeistert mit metallischen Farbeffekten.<\/p>\n","protected":false},"excerpt":{"rendered":"<p>Diese attraktiven Natursch\u00f6nheiten sind S\u00fc\u00dfwasser-Zuchtperlen mit einem Kern. Sie werden in der Gonade einer Muschel gez\u00fcchtet. Eine Zuchtmethode \u00e4hnlich der S\u00fcdsee- und Tahiti-Zuchtperlen, nur wesentlich komplexer. Das Resultat ist eine unendliche Skala von Naturfarben in prachtvollen Mixturen. Die Formen &#8211; von v\u00f6llig runden Perlen \u00fcber Tropfen zu Barocken Formen in den Gr\u00f6\u00dfen von ca. 11 &hellip; <a href=\"https:\/\/perlen-kull.de\/?page_id=31\" class=\"more-link\">Weiterlesen <span class=\"screen-reader-text\">Ming-Zuchtperlen<\/span><\/a><\/p>\n","protected":false},"author":1,"featured_media":0,"parent":8,"menu_order":0,"comment_status":"closed","ping_status":"closed","template":"","meta":{"footnotes":""},"class_list":["post-31","page","type-page","status-publish","hentry","without-featured-image"],"_links":{"self":[{"href":"https:\/\/perlen-kull.de\/index.php?rest_route=\/wp\/v2\/pages\/31","targetHints":{"allow":["GET"]}}],"collection":[{"href":"https:\/\/perlen-kull.de\/index.php?rest_route=\/wp\/v2\/pages"}],"about":[{"href":"https:\/\/perlen-kull.de\/index.php?rest_route=\/wp\/v2\/types\/page"}],"author":[{"embeddable":true,"href":"https:\/\/perlen-kull.de\/index.php?rest_route=\/wp\/v2\/users\/1"}],"replies":[{"embeddable":true,"href":"https:\/\/perlen-kull.de\/index.php?rest_route=%2Fwp%2Fv2%2Fcomments&post=31"}],"version-history":[{"count":4,"href":"https:\/\/perlen-kull.de\/index.php?rest_route=\/wp\/v2\/pages\/31\/revisions"}],"predecessor-version":[{"id":265,"href":"https:\/\/perlen-kull.de\/index.php?rest_route=\/wp\/v2\/pages\/31\/revisions\/265"}],"up":[{"embeddable":true,"href":"https:\/\/perlen-kull.de\/index.php?rest_route=\/wp\/v2\/pages\/8"}],"wp:attachment":[{"href":"https:\/\/perlen-kull.de\/index.php?rest_route=%2Fwp%2Fv2%2Fmedia&parent=31"}],"curies":[{"name":"wp","href":"https:\/\/api.w.org\/{rel}","templated":true}]}}