{"id":35,"date":"2018-06-18T09:51:26","date_gmt":"2018-06-18T09:51:26","guid":{"rendered":"http:\/\/perlen-kull.de\/?page_id=35"},"modified":"2018-06-18T10:23:21","modified_gmt":"2018-06-18T10:23:21","slug":"suesswasser-keshi-zuchtperlen","status":"publish","type":"page","link":"https:\/\/perlen-kull.de\/?page_id=35","title":{"rendered":"S\u00fc\u00dfwasser-Keshi-Zuchtperlen"},"content":{"rendered":"<p><img loading=\"lazy\" decoding=\"async\" class=\"alignleft size-large wp-image-60\" src=\"http:\/\/perlen-kull.de\/wp-content\/uploads\/2018\/06\/IMG_8867-1024x1024.jpg\" alt=\"\" width=\"620\" height=\"620\" srcset=\"https:\/\/perlen-kull.de\/wp-content\/uploads\/2018\/06\/IMG_8867-1024x1024.jpg 1024w, https:\/\/perlen-kull.de\/wp-content\/uploads\/2018\/06\/IMG_8867-150x150.jpg 150w, https:\/\/perlen-kull.de\/wp-content\/uploads\/2018\/06\/IMG_8867-300x300.jpg 300w, https:\/\/perlen-kull.de\/wp-content\/uploads\/2018\/06\/IMG_8867-768x768.jpg 768w, https:\/\/perlen-kull.de\/wp-content\/uploads\/2018\/06\/IMG_8867-90x90.jpg 90w, https:\/\/perlen-kull.de\/wp-content\/uploads\/2018\/06\/IMG_8867-380x380.jpg 380w, https:\/\/perlen-kull.de\/wp-content\/uploads\/2018\/06\/IMG_8867.jpg 1181w\" sizes=\"auto, (max-width: 620px) 100vw, 620px\" \/><\/p>\n<p>Keshi-Zuchtperlen sind das sch\u00f6nste Nebenprodukt der Perlenzucht.<\/p>\n<p>Die Voraussetzung f\u00fcr die Keshiperlen sind ein oder mehrere Perls\u00e4cke die schon von vorausgegangen Zuchtzyklen bestehen. In diesen entstehen die Perlen frei nach Lust der Muschel und entwickeln dabei ein einmalig, brillantes L\u00fcster mit tollen Farben und barocken bis bizarren Formen.<\/p>\n","protected":false},"excerpt":{"rendered":"<p>Keshi-Zuchtperlen sind das sch\u00f6nste Nebenprodukt der Perlenzucht. Die Voraussetzung f\u00fcr die Keshiperlen sind ein oder mehrere Perls\u00e4cke die schon von vorausgegangen Zuchtzyklen bestehen. In diesen entstehen die Perlen frei nach Lust der Muschel und entwickeln dabei ein einmalig, brillantes L\u00fcster mit tollen Farben und barocken bis bizarren Formen.<\/p>\n","protected":false},"author":1,"featured_media":0,"parent":8,"menu_order":0,"comment_status":"closed","ping_status":"closed","template":"","meta":{"footnotes":""},"class_list":["post-35","page","type-page","status-publish","hentry","without-featured-image"],"_links":{"self":[{"href":"https:\/\/perlen-kull.de\/index.php?rest_route=\/wp\/v2\/pages\/35","targetHints":{"allow":["GET"]}}],"collection":[{"href":"https:\/\/perlen-kull.de\/index.php?rest_route=\/wp\/v2\/pages"}],"about":[{"href":"https:\/\/perlen-kull.de\/index.php?rest_route=\/wp\/v2\/types\/page"}],"author":[{"embeddable":true,"href":"https:\/\/perlen-kull.de\/index.php?rest_route=\/wp\/v2\/users\/1"}],"replies":[{"embeddable":true,"href":"https:\/\/perlen-kull.de\/index.php?rest_route=%2Fwp%2Fv2%2Fcomments&post=35"}],"version-history":[{"count":2,"href":"https:\/\/perlen-kull.de\/index.php?rest_route=\/wp\/v2\/pages\/35\/revisions"}],"predecessor-version":[{"id":61,"href":"https:\/\/perlen-kull.de\/index.php?rest_route=\/wp\/v2\/pages\/35\/revisions\/61"}],"up":[{"embeddable":true,"href":"https:\/\/perlen-kull.de\/index.php?rest_route=\/wp\/v2\/pages\/8"}],"wp:attachment":[{"href":"https:\/\/perlen-kull.de\/index.php?rest_route=%2Fwp%2Fv2%2Fmedia&parent=35"}],"curies":[{"name":"wp","href":"https:\/\/api.w.org\/{rel}","templated":true}]}}