{"id":37,"date":"2018-06-18T09:50:41","date_gmt":"2018-06-18T09:50:41","guid":{"rendered":"http:\/\/perlen-kull.de\/?page_id=37"},"modified":"2018-06-18T10:22:11","modified_gmt":"2018-06-18T10:22:11","slug":"natuerliche-fluegelperlen","status":"publish","type":"page","link":"https:\/\/perlen-kull.de\/?page_id=37","title":{"rendered":"nat\u00fcrliche Fl\u00fcgelperlen"},"content":{"rendered":"<p><img loading=\"lazy\" decoding=\"async\" class=\"alignleft size-large wp-image-53\" src=\"http:\/\/perlen-kull.de\/wp-content\/uploads\/2018\/06\/IMG_8855-1024x1024.jpg\" alt=\"\" width=\"620\" height=\"620\" srcset=\"https:\/\/perlen-kull.de\/wp-content\/uploads\/2018\/06\/IMG_8855-1024x1024.jpg 1024w, https:\/\/perlen-kull.de\/wp-content\/uploads\/2018\/06\/IMG_8855-150x150.jpg 150w, https:\/\/perlen-kull.de\/wp-content\/uploads\/2018\/06\/IMG_8855-300x300.jpg 300w, https:\/\/perlen-kull.de\/wp-content\/uploads\/2018\/06\/IMG_8855-768x768.jpg 768w, https:\/\/perlen-kull.de\/wp-content\/uploads\/2018\/06\/IMG_8855-90x90.jpg 90w, https:\/\/perlen-kull.de\/wp-content\/uploads\/2018\/06\/IMG_8855-380x380.jpg 380w, https:\/\/perlen-kull.de\/wp-content\/uploads\/2018\/06\/IMG_8855.jpg 1181w\" sizes=\"auto, (max-width: 620px) 100vw, 620px\" \/><\/p>\n<p>Diese zuf\u00e4llig gefundenen Naturperlen wachsen in Chinesischen Fl\u00fcssen und Seen und entziehen sich allen \u00fcblichen Qualit\u00e4tskriterien.<\/p>\n<p>Ihre Formen, Farben und L\u00fcster sind einzigartig!<\/p>\n<p>Figuren wie Engelsfl\u00fcgel oder Bl\u00fctenknospen, Farben von intensivem Gold \u00fcber Blau, Grau bis zu hellen Pastellt\u00f6nen mit einem weichem, zartem L\u00fcster oft mit irisierenden Effekten.<\/p>\n<p>Durch Zufall entstehen diese bizarren Sch\u00f6nheiten im Bereich des Scharniers, das die beiden Muschelschalen verbindet.<\/p>\n","protected":false},"excerpt":{"rendered":"<p>Diese zuf\u00e4llig gefundenen Naturperlen wachsen in Chinesischen Fl\u00fcssen und Seen und entziehen sich allen \u00fcblichen Qualit\u00e4tskriterien. Ihre Formen, Farben und L\u00fcster sind einzigartig! Figuren wie Engelsfl\u00fcgel oder Bl\u00fctenknospen, Farben von intensivem Gold \u00fcber Blau, Grau bis zu hellen Pastellt\u00f6nen mit einem weichem, zartem L\u00fcster oft mit irisierenden Effekten. Durch Zufall entstehen diese bizarren Sch\u00f6nheiten im &hellip; <a href=\"https:\/\/perlen-kull.de\/?page_id=37\" class=\"more-link\">Weiterlesen <span class=\"screen-reader-text\">nat\u00fcrliche Fl\u00fcgelperlen<\/span><\/a><\/p>\n","protected":false},"author":1,"featured_media":0,"parent":8,"menu_order":0,"comment_status":"closed","ping_status":"closed","template":"","meta":{"footnotes":""},"class_list":["post-37","page","type-page","status-publish","hentry","without-featured-image"],"_links":{"self":[{"href":"https:\/\/perlen-kull.de\/index.php?rest_route=\/wp\/v2\/pages\/37","targetHints":{"allow":["GET"]}}],"collection":[{"href":"https:\/\/perlen-kull.de\/index.php?rest_route=\/wp\/v2\/pages"}],"about":[{"href":"https:\/\/perlen-kull.de\/index.php?rest_route=\/wp\/v2\/types\/page"}],"author":[{"embeddable":true,"href":"https:\/\/perlen-kull.de\/index.php?rest_route=\/wp\/v2\/users\/1"}],"replies":[{"embeddable":true,"href":"https:\/\/perlen-kull.de\/index.php?rest_route=%2Fwp%2Fv2%2Fcomments&post=37"}],"version-history":[{"count":2,"href":"https:\/\/perlen-kull.de\/index.php?rest_route=\/wp\/v2\/pages\/37\/revisions"}],"predecessor-version":[{"id":54,"href":"https:\/\/perlen-kull.de\/index.php?rest_route=\/wp\/v2\/pages\/37\/revisions\/54"}],"up":[{"embeddable":true,"href":"https:\/\/perlen-kull.de\/index.php?rest_route=\/wp\/v2\/pages\/8"}],"wp:attachment":[{"href":"https:\/\/perlen-kull.de\/index.php?rest_route=%2Fwp%2Fv2%2Fmedia&parent=37"}],"curies":[{"name":"wp","href":"https:\/\/api.w.org\/{rel}","templated":true}]}}