{"id":39,"date":"2018-06-18T09:51:01","date_gmt":"2018-06-18T09:51:01","guid":{"rendered":"http:\/\/perlen-kull.de\/?page_id=39"},"modified":"2018-06-18T10:22:22","modified_gmt":"2018-06-18T10:22:22","slug":"rosebud-zuchtperlen","status":"publish","type":"page","link":"https:\/\/perlen-kull.de\/?page_id=39","title":{"rendered":"Rosebud-Zuchtperlen"},"content":{"rendered":"<p><img loading=\"lazy\" decoding=\"async\" class=\"alignleft size-large wp-image-55\" src=\"http:\/\/perlen-kull.de\/wp-content\/uploads\/2018\/06\/Rosebud-1024x1024.jpg\" alt=\"\" width=\"620\" height=\"620\" srcset=\"https:\/\/perlen-kull.de\/wp-content\/uploads\/2018\/06\/Rosebud-1024x1024.jpg 1024w, https:\/\/perlen-kull.de\/wp-content\/uploads\/2018\/06\/Rosebud-150x150.jpg 150w, https:\/\/perlen-kull.de\/wp-content\/uploads\/2018\/06\/Rosebud-300x300.jpg 300w, https:\/\/perlen-kull.de\/wp-content\/uploads\/2018\/06\/Rosebud-768x768.jpg 768w, https:\/\/perlen-kull.de\/wp-content\/uploads\/2018\/06\/Rosebud-90x90.jpg 90w, https:\/\/perlen-kull.de\/wp-content\/uploads\/2018\/06\/Rosebud-380x380.jpg 380w, https:\/\/perlen-kull.de\/wp-content\/uploads\/2018\/06\/Rosebud.jpg 1181w\" sizes=\"auto, (max-width: 620px) 100vw, 620px\" \/><\/p>\n<p>Die Rosenknospen-Perlen geh\u00f6ren auch zu den S\u00fc\u00dfwasser-Zuchtperlen die rein zuf\u00e4llig entstehen. Viele winzigkleine Perlchen fangen gleichzeitig an zu wachsen<\/p>\n<p>und vereinen sich zu diesen Kuriosen Gebilden.<\/p>\n<p>Von zarten Pastellt\u00f6nen bis hin zu kr\u00e4ftigen, metallischen Naturfarben ist bei diesen Perlen alles m\u00f6glich was die exotische Ausstrahlung nochmals verst\u00e4rkt.<\/p>\n","protected":false},"excerpt":{"rendered":"<p>Die Rosenknospen-Perlen geh\u00f6ren auch zu den S\u00fc\u00dfwasser-Zuchtperlen die rein zuf\u00e4llig entstehen. Viele winzigkleine Perlchen fangen gleichzeitig an zu wachsen und vereinen sich zu diesen Kuriosen Gebilden. Von zarten Pastellt\u00f6nen bis hin zu kr\u00e4ftigen, metallischen Naturfarben ist bei diesen Perlen alles m\u00f6glich was die exotische Ausstrahlung nochmals verst\u00e4rkt.<\/p>\n","protected":false},"author":1,"featured_media":0,"parent":8,"menu_order":0,"comment_status":"closed","ping_status":"closed","template":"","meta":{"footnotes":""},"class_list":["post-39","page","type-page","status-publish","hentry","without-featured-image"],"_links":{"self":[{"href":"https:\/\/perlen-kull.de\/index.php?rest_route=\/wp\/v2\/pages\/39","targetHints":{"allow":["GET"]}}],"collection":[{"href":"https:\/\/perlen-kull.de\/index.php?rest_route=\/wp\/v2\/pages"}],"about":[{"href":"https:\/\/perlen-kull.de\/index.php?rest_route=\/wp\/v2\/types\/page"}],"author":[{"embeddable":true,"href":"https:\/\/perlen-kull.de\/index.php?rest_route=\/wp\/v2\/users\/1"}],"replies":[{"embeddable":true,"href":"https:\/\/perlen-kull.de\/index.php?rest_route=%2Fwp%2Fv2%2Fcomments&post=39"}],"version-history":[{"count":2,"href":"https:\/\/perlen-kull.de\/index.php?rest_route=\/wp\/v2\/pages\/39\/revisions"}],"predecessor-version":[{"id":56,"href":"https:\/\/perlen-kull.de\/index.php?rest_route=\/wp\/v2\/pages\/39\/revisions\/56"}],"up":[{"embeddable":true,"href":"https:\/\/perlen-kull.de\/index.php?rest_route=\/wp\/v2\/pages\/8"}],"wp:attachment":[{"href":"https:\/\/perlen-kull.de\/index.php?rest_route=%2Fwp%2Fv2%2Fmedia&parent=39"}],"curies":[{"name":"wp","href":"https:\/\/api.w.org\/{rel}","templated":true}]}}