{"id":41,"date":"2018-06-18T09:50:20","date_gmt":"2018-06-18T09:50:20","guid":{"rendered":"http:\/\/perlen-kull.de\/?page_id=41"},"modified":"2024-03-05T09:24:50","modified_gmt":"2024-03-05T09:24:50","slug":"facettierte-perlen","status":"publish","type":"page","link":"https:\/\/perlen-kull.de\/?page_id=41","title":{"rendered":"facettierte Perlen"},"content":{"rendered":"<p><img loading=\"lazy\" decoding=\"async\" class=\"wp-image-42 size-large aligncenter\" src=\"http:\/\/perlen-kull.de\/wp-content\/uploads\/2018\/06\/IMG_0039-Kopie-1024x1024.jpg\" alt=\"\" width=\"620\" height=\"620\" srcset=\"https:\/\/perlen-kull.de\/wp-content\/uploads\/2018\/06\/IMG_0039-Kopie-1024x1024.jpg 1024w, https:\/\/perlen-kull.de\/wp-content\/uploads\/2018\/06\/IMG_0039-Kopie-150x150.jpg 150w, https:\/\/perlen-kull.de\/wp-content\/uploads\/2018\/06\/IMG_0039-Kopie-300x300.jpg 300w, https:\/\/perlen-kull.de\/wp-content\/uploads\/2018\/06\/IMG_0039-Kopie-768x768.jpg 768w, https:\/\/perlen-kull.de\/wp-content\/uploads\/2018\/06\/IMG_0039-Kopie-90x90.jpg 90w, https:\/\/perlen-kull.de\/wp-content\/uploads\/2018\/06\/IMG_0039-Kopie-380x380.jpg 380w, https:\/\/perlen-kull.de\/wp-content\/uploads\/2018\/06\/IMG_0039-Kopie.jpg 1181w\" sizes=\"auto, (max-width: 620px) 100vw, 620px\" \/><\/p>\n<p>Perlen sind nicht wie Edelsteine in Jahrmillionen entstanden,( sondern) sie wachsen im Lebenszyklus einer Muschel. Zur Entfaltung ihrer Sch\u00f6nheit ben\u00f6tigen Sie eigentlich keine Bearbeitung &#8211; sie werden so getragen wie die Natur Sie geschaffen hat.<\/p>\n<p>W\u00e4re da nicht eine Diamantschleiferei die auf die Idee kam ihre spezialisierte Technik auf<\/p>\n<p>Perlen zu \u00fcbertragen. Vor allem bei Tahiti Zuchtperlen kommt diese Technik voll zu Geltung.<\/p>\n<p>Eine gute Tahiti Zuchtperle hat ca. 2000 feine Perlmutt-Schichten die sich farblich voneinander unterscheiden k\u00f6nnen. Diese Tiefenwirkung erschlie\u00dft sich erst beim facettieren und bringt die innere Sch\u00f6nheit der Perlen so nach au\u00dfen.<\/p>\n<p>&nbsp;<\/p>\n\n\n<figure class=\"wp-block-gallery has-nested-images columns-default is-cropped wp-block-gallery-1 is-layout-flex wp-block-gallery-is-layout-flex\">\n<figure class=\"wp-block-image size-large\"><img loading=\"lazy\" decoding=\"async\" width=\"1024\" height=\"1020\" data-id=\"203\" src=\"https:\/\/perlen-kull.de\/wp-content\/uploads\/2024\/03\/IMG_5268-1024x1020.jpg\" alt=\"\" class=\"wp-image-203\" srcset=\"https:\/\/perlen-kull.de\/wp-content\/uploads\/2024\/03\/IMG_5268-1024x1020.jpg 1024w, https:\/\/perlen-kull.de\/wp-content\/uploads\/2024\/03\/IMG_5268-300x300.jpg 300w, https:\/\/perlen-kull.de\/wp-content\/uploads\/2024\/03\/IMG_5268-150x150.jpg 150w, https:\/\/perlen-kull.de\/wp-content\/uploads\/2024\/03\/IMG_5268-768x765.jpg 768w, https:\/\/perlen-kull.de\/wp-content\/uploads\/2024\/03\/IMG_5268-1536x1529.jpg 1536w, https:\/\/perlen-kull.de\/wp-content\/uploads\/2024\/03\/IMG_5268-90x90.jpg 90w, https:\/\/perlen-kull.de\/wp-content\/uploads\/2024\/03\/IMG_5268-382x380.jpg 382w, https:\/\/perlen-kull.de\/wp-content\/uploads\/2024\/03\/IMG_5268.jpg 1856w\" sizes=\"auto, (max-width: 1024px) 100vw, 1024px\" \/><\/figure>\n\n\n\n<figure class=\"wp-block-image size-large\"><img loading=\"lazy\" decoding=\"async\" width=\"1024\" height=\"1024\" data-id=\"207\" src=\"https:\/\/perlen-kull.de\/wp-content\/uploads\/2024\/03\/IMG_6290b-1024x1024.jpg\" alt=\"\" class=\"wp-image-207\" srcset=\"https:\/\/perlen-kull.de\/wp-content\/uploads\/2024\/03\/IMG_6290b-1024x1024.jpg 1024w, https:\/\/perlen-kull.de\/wp-content\/uploads\/2024\/03\/IMG_6290b-300x300.jpg 300w, https:\/\/perlen-kull.de\/wp-content\/uploads\/2024\/03\/IMG_6290b-150x150.jpg 150w, https:\/\/perlen-kull.de\/wp-content\/uploads\/2024\/03\/IMG_6290b-768x768.jpg 768w, https:\/\/perlen-kull.de\/wp-content\/uploads\/2024\/03\/IMG_6290b-1536x1536.jpg 1536w, https:\/\/perlen-kull.de\/wp-content\/uploads\/2024\/03\/IMG_6290b-2048x2048.jpg 2048w, https:\/\/perlen-kull.de\/wp-content\/uploads\/2024\/03\/IMG_6290b-90x90.jpg 90w, https:\/\/perlen-kull.de\/wp-content\/uploads\/2024\/03\/IMG_6290b-380x380.jpg 380w\" sizes=\"auto, (max-width: 1024px) 100vw, 1024px\" \/><\/figure>\n\n\n\n<figure class=\"wp-block-image size-large\"><img loading=\"lazy\" decoding=\"async\" width=\"1024\" height=\"991\" data-id=\"204\" src=\"https:\/\/perlen-kull.de\/wp-content\/uploads\/2024\/03\/IMG_5273-1024x991.jpg\" alt=\"\" class=\"wp-image-204\" srcset=\"https:\/\/perlen-kull.de\/wp-content\/uploads\/2024\/03\/IMG_5273-1024x991.jpg 1024w, https:\/\/perlen-kull.de\/wp-content\/uploads\/2024\/03\/IMG_5273-300x290.jpg 300w, https:\/\/perlen-kull.de\/wp-content\/uploads\/2024\/03\/IMG_5273-768x743.jpg 768w, https:\/\/perlen-kull.de\/wp-content\/uploads\/2024\/03\/IMG_5273-1536x1487.jpg 1536w, https:\/\/perlen-kull.de\/wp-content\/uploads\/2024\/03\/IMG_5273-393x380.jpg 393w, https:\/\/perlen-kull.de\/wp-content\/uploads\/2024\/03\/IMG_5273.jpg 2000w\" sizes=\"auto, (max-width: 1024px) 100vw, 1024px\" \/><\/figure>\n\n\n\n<figure class=\"wp-block-image size-large\"><img loading=\"lazy\" decoding=\"async\" width=\"1024\" height=\"945\" data-id=\"205\" src=\"https:\/\/perlen-kull.de\/wp-content\/uploads\/2024\/03\/IMG_5247-1024x945.jpg\" alt=\"\" class=\"wp-image-205\" srcset=\"https:\/\/perlen-kull.de\/wp-content\/uploads\/2024\/03\/IMG_5247-1024x945.jpg 1024w, https:\/\/perlen-kull.de\/wp-content\/uploads\/2024\/03\/IMG_5247-300x277.jpg 300w, https:\/\/perlen-kull.de\/wp-content\/uploads\/2024\/03\/IMG_5247-768x709.jpg 768w, https:\/\/perlen-kull.de\/wp-content\/uploads\/2024\/03\/IMG_5247-1536x1418.jpg 1536w, https:\/\/perlen-kull.de\/wp-content\/uploads\/2024\/03\/IMG_5247-2048x1891.jpg 2048w, https:\/\/perlen-kull.de\/wp-content\/uploads\/2024\/03\/IMG_5247-412x380.jpg 412w\" sizes=\"auto, (max-width: 1024px) 100vw, 1024px\" \/><\/figure>\n\n\n\n<figure class=\"wp-block-image size-large\"><img loading=\"lazy\" decoding=\"async\" width=\"1024\" height=\"1024\" data-id=\"206\" src=\"https:\/\/perlen-kull.de\/wp-content\/uploads\/2024\/03\/IMG_6276b-1024x1024.jpg\" alt=\"\" class=\"wp-image-206\" srcset=\"https:\/\/perlen-kull.de\/wp-content\/uploads\/2024\/03\/IMG_6276b-1024x1024.jpg 1024w, https:\/\/perlen-kull.de\/wp-content\/uploads\/2024\/03\/IMG_6276b-300x300.jpg 300w, https:\/\/perlen-kull.de\/wp-content\/uploads\/2024\/03\/IMG_6276b-150x150.jpg 150w, https:\/\/perlen-kull.de\/wp-content\/uploads\/2024\/03\/IMG_6276b-768x768.jpg 768w, https:\/\/perlen-kull.de\/wp-content\/uploads\/2024\/03\/IMG_6276b-1536x1536.jpg 1536w, https:\/\/perlen-kull.de\/wp-content\/uploads\/2024\/03\/IMG_6276b-90x90.jpg 90w, https:\/\/perlen-kull.de\/wp-content\/uploads\/2024\/03\/IMG_6276b-380x380.jpg 380w, https:\/\/perlen-kull.de\/wp-content\/uploads\/2024\/03\/IMG_6276b.jpg 1772w\" sizes=\"auto, (max-width: 1024px) 100vw, 1024px\" \/><\/figure>\n\n\n\n<figure class=\"wp-block-image size-large\"><img loading=\"lazy\" decoding=\"async\" width=\"1024\" height=\"1024\" data-id=\"209\" src=\"https:\/\/perlen-kull.de\/wp-content\/uploads\/2024\/03\/IMG_6296b-1024x1024.jpg\" alt=\"\" class=\"wp-image-209\" srcset=\"https:\/\/perlen-kull.de\/wp-content\/uploads\/2024\/03\/IMG_6296b-1024x1024.jpg 1024w, https:\/\/perlen-kull.de\/wp-content\/uploads\/2024\/03\/IMG_6296b-300x300.jpg 300w, https:\/\/perlen-kull.de\/wp-content\/uploads\/2024\/03\/IMG_6296b-150x150.jpg 150w, https:\/\/perlen-kull.de\/wp-content\/uploads\/2024\/03\/IMG_6296b-768x768.jpg 768w, https:\/\/perlen-kull.de\/wp-content\/uploads\/2024\/03\/IMG_6296b-1536x1536.jpg 1536w, https:\/\/perlen-kull.de\/wp-content\/uploads\/2024\/03\/IMG_6296b-2048x2048.jpg 2048w, https:\/\/perlen-kull.de\/wp-content\/uploads\/2024\/03\/IMG_6296b-90x90.jpg 90w, https:\/\/perlen-kull.de\/wp-content\/uploads\/2024\/03\/IMG_6296b-380x380.jpg 380w\" sizes=\"auto, (max-width: 1024px) 100vw, 1024px\" \/><\/figure>\n\n\n\n<figure class=\"wp-block-image size-large\"><img loading=\"lazy\" decoding=\"async\" width=\"1024\" height=\"1024\" data-id=\"208\" src=\"https:\/\/perlen-kull.de\/wp-content\/uploads\/2024\/03\/IMG_6305b-1024x1024.jpg\" alt=\"\" class=\"wp-image-208\" srcset=\"https:\/\/perlen-kull.de\/wp-content\/uploads\/2024\/03\/IMG_6305b-1024x1024.jpg 1024w, https:\/\/perlen-kull.de\/wp-content\/uploads\/2024\/03\/IMG_6305b-300x300.jpg 300w, https:\/\/perlen-kull.de\/wp-content\/uploads\/2024\/03\/IMG_6305b-150x150.jpg 150w, https:\/\/perlen-kull.de\/wp-content\/uploads\/2024\/03\/IMG_6305b-768x768.jpg 768w, https:\/\/perlen-kull.de\/wp-content\/uploads\/2024\/03\/IMG_6305b-1536x1536.jpg 1536w, https:\/\/perlen-kull.de\/wp-content\/uploads\/2024\/03\/IMG_6305b-2048x2048.jpg 2048w, https:\/\/perlen-kull.de\/wp-content\/uploads\/2024\/03\/IMG_6305b-90x90.jpg 90w, https:\/\/perlen-kull.de\/wp-content\/uploads\/2024\/03\/IMG_6305b-380x380.jpg 380w\" sizes=\"auto, (max-width: 1024px) 100vw, 1024px\" \/><\/figure>\n\n\n\n<figure class=\"wp-block-image size-large\"><img loading=\"lazy\" decoding=\"async\" width=\"1024\" height=\"682\" data-id=\"210\" src=\"https:\/\/perlen-kull.de\/wp-content\/uploads\/2024\/03\/IMG_6118c-1024x682.jpg\" alt=\"\" class=\"wp-image-210\" srcset=\"https:\/\/perlen-kull.de\/wp-content\/uploads\/2024\/03\/IMG_6118c-1024x682.jpg 1024w, https:\/\/perlen-kull.de\/wp-content\/uploads\/2024\/03\/IMG_6118c-300x200.jpg 300w, https:\/\/perlen-kull.de\/wp-content\/uploads\/2024\/03\/IMG_6118c-768x512.jpg 768w, https:\/\/perlen-kull.de\/wp-content\/uploads\/2024\/03\/IMG_6118c-1536x1024.jpg 1536w, https:\/\/perlen-kull.de\/wp-content\/uploads\/2024\/03\/IMG_6118c-570x380.jpg 570w, https:\/\/perlen-kull.de\/wp-content\/uploads\/2024\/03\/IMG_6118c.jpg 1772w\" sizes=\"auto, (max-width: 1024px) 100vw, 1024px\" \/><\/figure>\n<\/figure>\n\n\n\n<figure class=\"wp-block-gallery has-nested-images columns-default is-cropped wp-block-gallery-2 is-layout-flex wp-block-gallery-is-layout-flex\">\n<figure class=\"wp-block-image size-large\"><img loading=\"lazy\" decoding=\"async\" width=\"1024\" height=\"682\" data-id=\"212\" src=\"https:\/\/perlen-kull.de\/wp-content\/uploads\/2024\/03\/IMG_5675b-1024x682.jpg\" alt=\"\" class=\"wp-image-212\" srcset=\"https:\/\/perlen-kull.de\/wp-content\/uploads\/2024\/03\/IMG_5675b-1024x682.jpg 1024w, https:\/\/perlen-kull.de\/wp-content\/uploads\/2024\/03\/IMG_5675b-300x200.jpg 300w, https:\/\/perlen-kull.de\/wp-content\/uploads\/2024\/03\/IMG_5675b-768x512.jpg 768w, https:\/\/perlen-kull.de\/wp-content\/uploads\/2024\/03\/IMG_5675b-1536x1024.jpg 1536w, https:\/\/perlen-kull.de\/wp-content\/uploads\/2024\/03\/IMG_5675b-570x380.jpg 570w, https:\/\/perlen-kull.de\/wp-content\/uploads\/2024\/03\/IMG_5675b.jpg 1772w\" sizes=\"auto, (max-width: 1024px) 100vw, 1024px\" \/><\/figure>\n<\/figure>\n\n\n\n<figure class=\"wp-block-gallery has-nested-images columns-default is-cropped wp-block-gallery-3 is-layout-flex wp-block-gallery-is-layout-flex\">\n<figure class=\"wp-block-image size-large\"><img loading=\"lazy\" decoding=\"async\" width=\"1024\" height=\"682\" data-id=\"214\" src=\"https:\/\/perlen-kull.de\/wp-content\/uploads\/2024\/03\/IMG_5632b-1024x682.jpg\" alt=\"\" class=\"wp-image-214\" srcset=\"https:\/\/perlen-kull.de\/wp-content\/uploads\/2024\/03\/IMG_5632b-1024x682.jpg 1024w, https:\/\/perlen-kull.de\/wp-content\/uploads\/2024\/03\/IMG_5632b-300x200.jpg 300w, https:\/\/perlen-kull.de\/wp-content\/uploads\/2024\/03\/IMG_5632b-768x512.jpg 768w, https:\/\/perlen-kull.de\/wp-content\/uploads\/2024\/03\/IMG_5632b-1536x1024.jpg 1536w, https:\/\/perlen-kull.de\/wp-content\/uploads\/2024\/03\/IMG_5632b-570x380.jpg 570w, https:\/\/perlen-kull.de\/wp-content\/uploads\/2024\/03\/IMG_5632b.jpg 1772w\" sizes=\"auto, (max-width: 1024px) 100vw, 1024px\" \/><\/figure>\n<\/figure>\n","protected":false},"excerpt":{"rendered":"<p>Perlen sind nicht wie Edelsteine in Jahrmillionen entstanden,( sondern) sie wachsen im Lebenszyklus einer Muschel. Zur Entfaltung ihrer Sch\u00f6nheit ben\u00f6tigen Sie eigentlich keine Bearbeitung &#8211; sie werden so getragen wie die Natur Sie geschaffen hat. W\u00e4re da nicht eine Diamantschleiferei die auf die Idee kam ihre spezialisierte Technik auf Perlen zu \u00fcbertragen. Vor allem bei &hellip; <a href=\"https:\/\/perlen-kull.de\/?page_id=41\" class=\"more-link\">Weiterlesen <span class=\"screen-reader-text\">facettierte Perlen<\/span><\/a><\/p>\n","protected":false},"author":1,"featured_media":0,"parent":8,"menu_order":0,"comment_status":"closed","ping_status":"closed","template":"","meta":{"footnotes":""},"class_list":["post-41","page","type-page","status-publish","hentry","without-featured-image"],"_links":{"self":[{"href":"https:\/\/perlen-kull.de\/index.php?rest_route=\/wp\/v2\/pages\/41","targetHints":{"allow":["GET"]}}],"collection":[{"href":"https:\/\/perlen-kull.de\/index.php?rest_route=\/wp\/v2\/pages"}],"about":[{"href":"https:\/\/perlen-kull.de\/index.php?rest_route=\/wp\/v2\/types\/page"}],"author":[{"embeddable":true,"href":"https:\/\/perlen-kull.de\/index.php?rest_route=\/wp\/v2\/users\/1"}],"replies":[{"embeddable":true,"href":"https:\/\/perlen-kull.de\/index.php?rest_route=%2Fwp%2Fv2%2Fcomments&post=41"}],"version-history":[{"count":6,"href":"https:\/\/perlen-kull.de\/index.php?rest_route=\/wp\/v2\/pages\/41\/revisions"}],"predecessor-version":[{"id":215,"href":"https:\/\/perlen-kull.de\/index.php?rest_route=\/wp\/v2\/pages\/41\/revisions\/215"}],"up":[{"embeddable":true,"href":"https:\/\/perlen-kull.de\/index.php?rest_route=\/wp\/v2\/pages\/8"}],"wp:attachment":[{"href":"https:\/\/perlen-kull.de\/index.php?rest_route=%2Fwp%2Fv2%2Fmedia&parent=41"}],"curies":[{"name":"wp","href":"https:\/\/api.w.org\/{rel}","templated":true}]}}