{"id":94,"date":"2018-06-20T07:11:31","date_gmt":"2018-06-20T07:11:31","guid":{"rendered":"http:\/\/perlen-kull.de\/?page_id=94"},"modified":"2018-06-20T07:31:56","modified_gmt":"2018-06-20T07:31:56","slug":"conch-perlmutt","status":"publish","type":"page","link":"https:\/\/perlen-kull.de\/?page_id=94","title":{"rendered":"Conch-Perlmutt"},"content":{"rendered":"<p><img loading=\"lazy\" decoding=\"async\" class=\"aligncenter wp-image-101 size-medium\" src=\"http:\/\/perlen-kull.de\/wp-content\/uploads\/2018\/06\/IMG_9165-300x300.jpg\" alt=\"\" width=\"300\" height=\"300\" srcset=\"https:\/\/perlen-kull.de\/wp-content\/uploads\/2018\/06\/IMG_9165-300x300.jpg 300w, https:\/\/perlen-kull.de\/wp-content\/uploads\/2018\/06\/IMG_9165-150x150.jpg 150w, https:\/\/perlen-kull.de\/wp-content\/uploads\/2018\/06\/IMG_9165-768x768.jpg 768w, https:\/\/perlen-kull.de\/wp-content\/uploads\/2018\/06\/IMG_9165-1024x1024.jpg 1024w, https:\/\/perlen-kull.de\/wp-content\/uploads\/2018\/06\/IMG_9165-90x90.jpg 90w, https:\/\/perlen-kull.de\/wp-content\/uploads\/2018\/06\/IMG_9165-380x380.jpg 380w\" sizes=\"auto, (max-width: 300px) 100vw, 300px\" \/><\/p>\n<p>Aus der Schale der Queen Conch Muschel werden verschieden Formen wie Bl\u00fcten, tropfen oder Cabochons geschliffen.Diese verf\u00fcgen \u00fcber denselben porzellanartigen Glanz und die feinen Farbnuancen wie die seltenen und ber\u00fchmten Conchperlen aus dieser Muschel.<\/p>\n<p><img loading=\"lazy\" decoding=\"async\" class=\"aligncenter wp-image-103 size-medium\" src=\"http:\/\/perlen-kull.de\/wp-content\/uploads\/2018\/06\/Conch-Einleger-Vorderseite-300x300.jpg\" alt=\"\" width=\"300\" height=\"300\" srcset=\"https:\/\/perlen-kull.de\/wp-content\/uploads\/2018\/06\/Conch-Einleger-Vorderseite-300x300.jpg 300w, https:\/\/perlen-kull.de\/wp-content\/uploads\/2018\/06\/Conch-Einleger-Vorderseite-150x150.jpg 150w, https:\/\/perlen-kull.de\/wp-content\/uploads\/2018\/06\/Conch-Einleger-Vorderseite-768x768.jpg 768w, https:\/\/perlen-kull.de\/wp-content\/uploads\/2018\/06\/Conch-Einleger-Vorderseite-1024x1024.jpg 1024w, https:\/\/perlen-kull.de\/wp-content\/uploads\/2018\/06\/Conch-Einleger-Vorderseite-90x90.jpg 90w, https:\/\/perlen-kull.de\/wp-content\/uploads\/2018\/06\/Conch-Einleger-Vorderseite-380x380.jpg 380w, https:\/\/perlen-kull.de\/wp-content\/uploads\/2018\/06\/Conch-Einleger-Vorderseite.jpg 1181w\" sizes=\"auto, (max-width: 300px) 100vw, 300px\" \/><\/p>\n","protected":false},"excerpt":{"rendered":"<p>Aus der Schale der Queen Conch Muschel werden verschieden Formen wie Bl\u00fcten, tropfen oder Cabochons geschliffen.Diese verf\u00fcgen \u00fcber denselben porzellanartigen Glanz und die feinen Farbnuancen wie die seltenen und ber\u00fchmten Conchperlen aus dieser Muschel.<\/p>\n","protected":false},"author":1,"featured_media":0,"parent":8,"menu_order":0,"comment_status":"closed","ping_status":"closed","template":"","meta":{"footnotes":""},"class_list":["post-94","page","type-page","status-publish","hentry","without-featured-image"],"_links":{"self":[{"href":"https:\/\/perlen-kull.de\/index.php?rest_route=\/wp\/v2\/pages\/94","targetHints":{"allow":["GET"]}}],"collection":[{"href":"https:\/\/perlen-kull.de\/index.php?rest_route=\/wp\/v2\/pages"}],"about":[{"href":"https:\/\/perlen-kull.de\/index.php?rest_route=\/wp\/v2\/types\/page"}],"author":[{"embeddable":true,"href":"https:\/\/perlen-kull.de\/index.php?rest_route=\/wp\/v2\/users\/1"}],"replies":[{"embeddable":true,"href":"https:\/\/perlen-kull.de\/index.php?rest_route=%2Fwp%2Fv2%2Fcomments&post=94"}],"version-history":[{"count":3,"href":"https:\/\/perlen-kull.de\/index.php?rest_route=\/wp\/v2\/pages\/94\/revisions"}],"predecessor-version":[{"id":104,"href":"https:\/\/perlen-kull.de\/index.php?rest_route=\/wp\/v2\/pages\/94\/revisions\/104"}],"up":[{"embeddable":true,"href":"https:\/\/perlen-kull.de\/index.php?rest_route=\/wp\/v2\/pages\/8"}],"wp:attachment":[{"href":"https:\/\/perlen-kull.de\/index.php?rest_route=%2Fwp%2Fv2%2Fmedia&parent=94"}],"curies":[{"name":"wp","href":"https:\/\/api.w.org\/{rel}","templated":true}]}}